{"id":4713,"date":"2022-11-21T19:45:56","date_gmt":"2022-11-21T17:45:56","guid":{"rendered":"http:\/\/reich-sein.eu\/club\/?page_id=4713"},"modified":"2022-11-24T15:29:02","modified_gmt":"2022-11-24T13:29:02","slug":"feng-shui","status":"publish","type":"page","link":"https:\/\/reich-sein.eu\/club\/mittel\/besondere-reich-sein\/feng-shui\/","title":{"rendered":"Feng Shui"},"content":{"rendered":"<h2><span style=\"color: #0000ff;\"><strong>Feng Shui und Reichtum, finanziellen Wohlstand<\/strong><\/span><\/h2>\n<h3><strong><span style=\"color: #0000ff;\">Reichtumsecke ist de<\/span><\/strong>r\u00a0<a href=\"http:\/\/www.fengshuiglueck.ch\/feng-shui\/bagua\">Baguabereich<\/a>, der sich 4 oben links befindet.<\/h3>\n<p><a href=\"https:\/\/www.fengshuiglueck.ch\/monat-4-im-thema-reichtum-innen-und-aussen\"><img loading=\"lazy\" decoding=\"async\" class=\"wp-image-2777 alignleft\" src=\"http:\/\/www.fengshuiglueck.ch\/wp-content\/uploads\/2016\/01\/Bagua-Text-001-300x300.jpg\" alt=\"Bagua Text 001\" width=\"208\" height=\"208\" \/><\/a>Die Gestaltung der Reichtumsecke in unserer Wohnung zeigt, <span style=\"color: #0000ff;\"><strong>was wir unter Reichtum verstehen.<\/strong><\/span><\/p>\n<p>Dieser Bereich wird wohl am meisten mi\u00dfverstanden und nur mit <strong><em>materiellem<\/em><\/strong> Reichtum, respektive Geld und Luxusg\u00fctern in Verbindung gebracht. Danach richtet sich d<span style=\"color: #0000ff;\"><strong>ann der eigene Selbstwert<\/strong><\/span>. Man geht <span style=\"color: #0000ff;\">dabei am Wesentlichen vorbei.<\/span> Es ist eher so, dass dieser Bereich in unserer Wohnung <span style=\"color: #0000ff;\"><strong>unsere Einstellung dazu<\/strong><\/span> symb0lisiert.<br \/>\n<strong><span style=\"color: #0000ff;\">Wie innen so aussen!<\/span><\/strong><\/p>\n<p>&nbsp;<\/p>\n<p><a href=\"http:\/\/reich-sein.eu\/club\/wp-content\/uploads\/2022\/11\/FenShui.jpeg\"><img loading=\"lazy\" decoding=\"async\" class=\"size-full wp-image-4726 alignnone\" src=\"http:\/\/reich-sein.eu\/club\/wp-content\/uploads\/2022\/11\/FenShui.jpeg\" alt=\"\" width=\"665\" height=\"709\" srcset=\"https:\/\/reich-sein.eu\/club\/wp-content\/uploads\/2022\/11\/FenShui.jpeg 665w, https:\/\/reich-sein.eu\/club\/wp-content\/uploads\/2022\/11\/FenShui-281x300.jpeg 281w\" sizes=\"auto, (max-width: 665px) 100vw, 665px\" \/><\/a><\/p>\n<div id=\"attachment_4721\" style=\"width: 1040px\" class=\"wp-caption alignleft\"><a href=\"http:\/\/reich-sein.eu\/club\/wp-content\/uploads\/2022\/11\/schreibtisch-kann-mehr-aktivierung-bagua.jpeg\"><img loading=\"lazy\" decoding=\"async\" aria-describedby=\"caption-attachment-4721\" class=\"wp-image-4721 size-full\" src=\"http:\/\/reich-sein.eu\/club\/wp-content\/uploads\/2022\/11\/schreibtisch-kann-mehr-aktivierung-bagua.jpeg\" alt=\"\" width=\"1030\" height=\"579\" srcset=\"https:\/\/reich-sein.eu\/club\/wp-content\/uploads\/2022\/11\/schreibtisch-kann-mehr-aktivierung-bagua.jpeg 1030w, https:\/\/reich-sein.eu\/club\/wp-content\/uploads\/2022\/11\/schreibtisch-kann-mehr-aktivierung-bagua-300x169.jpeg 300w, https:\/\/reich-sein.eu\/club\/wp-content\/uploads\/2022\/11\/schreibtisch-kann-mehr-aktivierung-bagua-768x432.jpeg 768w, https:\/\/reich-sein.eu\/club\/wp-content\/uploads\/2022\/11\/schreibtisch-kann-mehr-aktivierung-bagua-1024x576.jpeg 1024w\" sizes=\"auto, (max-width: 1030px) 100vw, 1030px\" \/><\/a><p id=\"caption-attachment-4721\" class=\"wp-caption-text\">Quelle: https:\/\/www.deutsches-fengshui-institut.de\/ihr-schreibtisch-kann-mehr-aktivierung-bagua\/<\/p><\/div>\n<h3 class=\"entry-title\"><span style=\"color: #0000ff;\"><strong>Feng Shui Reichtumsecke<\/strong><\/span><\/h3>\n<div class=\"entry-content\">\n<p><span style=\"color: #0000ff;\"><strong>Lokalisierung, Gestaltung, Blockaden<\/strong><\/span><\/p>\n<p>Durch die richtige Gestaltung der Wohnr\u00e4ume l\u00e4sst sich spirituell mehr Wohlbefinden, Wissen oder Wohlstand einladen. Feng Shui soll helfen, daf\u00fcr die Lebensenergie (Chi) in die richtigen Bahnen zu lenken und zum Flie\u00dfen zu bringen. F\u00fcr mehr Reichtum wird speziell eine Reichtumsecke eingerichtet und gepflegt. Wie Sie die Reichtumsecke bei Ihnen daheim finden und gestalten sowie wichtige Tipps, erfahren Sie hier.<\/p>\n<p>Die Reichtumsecke ist in aller Regel wie der Name bereits suggeriert eine echte Ecke. Nur dort, wo es keine Ecke gibt, kann ein gr\u00f6\u00dferer Bereich als Reichtumszone gelten. Wo die Reichtumsecke liegt, ist in jedem Haus, jeder Wohnung oder jedem Garten individuell. Ausschlaggebend ist der Eingangsbereich, denn der Eingang gilt als Eintrittspunkt f\u00fcr die Lebensenergie Chi.<\/p>\n<p>F\u00fcr das ganze Haus betrachtet, liegt die Reichtumsecke in der am weitesten entfernten linken Ecke von der Eingangst\u00fcr aus gesehen.<\/p>\n<p><span style=\"color: #0000ff;\"><strong>Auch im Zimmer oder im Garten<\/strong><\/span><\/p>\n<p>Auch f\u00fcr ein einzelnes Zimmer oder den Garten l\u00e4sst sich die Reichtumsecke bestimmen. Betreten Sie daf\u00fcr den gew\u00fcnschten Raum oder Garten und positionieren sich mit dem R\u00fccken zum Eingang. Schauen Sie zuerst nach vorne und lassen dann den Blick nach links schweifen. Der entfernteste Punkt, den Sie dort sehen, markiert die Reichtumsecke beziehungsweise Reichtumszone.<\/p>\n<p><strong>Die mit der Reichtumsecke assoziierte Himmelsrichtung ist S\u00fcdost.<\/strong><\/p>\n<p>Hilfreich beim Finden der Reichtumsecke ist das sogenannte\u00a0<a href=\"https:\/\/quitt.org\/feng-shui\/bagua.html\" target=\"_blank\" rel=\"noopener\">Bagua<\/a>. Es ist eine Art Lageplan des Feng Shui, der R\u00e4ume in einzelne Bereiche einteilt. Darunter auch den Bereich f\u00fcr Reichtum.<\/p>\n<p><span style=\"color: #0000ff;\"><strong>Blockaden f\u00fcr den Reichtum beseitigen<\/strong><\/span><\/p>\n<p>Holz, Feuer, Erde, Metall und Wasser sind die f\u00fcnf Elemente des Feng Shui. Sie repr\u00e4sentieren Aspekte der Natur, die in vorhersehbaren Mustern interagieren. Das Ziel des Feng Shui ist, dass diese f\u00fcnf Elemente im Einklang stehen. Dann ist ein optimaler Energiefluss gew\u00e4hrleistet.<\/p>\n<p>Einige Dinge k\u00f6nnen den Fluss des Chi regelrecht blockieren.<\/p>\n<ul>\n<li><strong>Unordnung und Ger\u00fcmpel:<\/strong>\u00a0Verpassen Sie Ihren Wohnr\u00e4umen eine Aufr\u00e4um-Kur und misten alles aus, was sich in letzter Zeit unn\u00f6tigerweise angesammelt hat. Unordnung und Ger\u00fcmpel sorgen f\u00fcr stagnierende und verwirrende Energie und blockiert den Fluss des Chi.<\/li>\n<li><strong>Verwelkte oder sterbende Pflanzen:<\/strong>\u00a0Gesunde Pflanzen strahlen Vitalit\u00e4t aus und verbessern das gute Chi in Ihrem Zuhause. Verwelkte oder langsam sterbende Pflanzen senken hingegen die Energie Ihres Hauses. Tauschen Sie verwelkende Bouquets und unansehnlich gewordene Gr\u00fcnpflanzen daher gegen neue Exemplare aus.<\/li>\n<li><strong>Negative Erinnerungsst\u00fccke:<\/strong>\u00a0Schaffen Sie alles aus dem Haus, was negative Gef\u00fchle in Ihnen weckt, denn solche Dinge k\u00f6nnen den Fluss der Lebensenergie Chi blockieren. Ob Fotos vom Ex oder Kr\u00fccken, die Sie nach dem letzten Ski-Urlaub brauchten \u2013 weg mit den negativen Assoziationen.<\/li>\n<li><strong>Kunst mit der richtigen Botschaft:<\/strong>\u00a0Bilder und andere Kunstwerke, die negative Dinge wie Krieg oder Sturm darstellen, generieren negative Energie und k\u00f6nnen den Fluss des Chi ebenfalls nachteilig beeinflussen. W\u00e4hlen Sie daher eher Kunst, die hell und freundlich wirkt.<\/li>\n<li><strong>Spiegel:<\/strong>\u00a0Spiegel lenken das Chi und spielen eine wichtige Rolle im Feng Shui. Jedoch sollten Spiegel nie einer T\u00fcr direkt gegen\u00fcberliegen, da so das Chi direkt wieder den Raum verl\u00e4sst.<br \/>\nManchmal liegt die Blockade aber nicht in unmittelbarer N\u00e4he der Reichtumsecke, sondern an einer anderen Stelle im Haus.<\/li>\n<\/ul>\n<p>Vor allem der Eingangsbereich und die Haust\u00fcr sind h\u00e4ufig von Blockaden betroffen (https:\/\/www.deutsches-fengshui-institut.de\/resonanz-zum-reichtum\/). Da das Chi Ihr Leben durch die Haust\u00fcr betritt, sollte der Eingang so einladend und offen wie m\u00f6glich sein. Reinigen Sie den Eingangsbereich gr\u00fcndlich und sorgen daf\u00fcr, dass Ordnung an der T\u00fcr herrscht (drinnen wie drau\u00dfen).<\/p>\n<p>Nummernschild und Fu\u00dfmatte sollten ebenfalls sauber und frisch aussehen. Weder Massen von Schuhen noch gro\u00dfe Gegenst\u00e4nde (Garderobenschrank etc.) sollten den Weg blockieren, damit das Chi bis zur Reichtumsecke durchflie\u00dfen kann. Die Farben Schwarz, Rot, Wei\u00df (oder Grau), Gr\u00fcn (oder Blau) und Gelb (oder Braun) stehen f\u00fcr die f\u00fcnf Elemente im Feng Shui und sind immer eine gute Wahl f\u00fcr den Eingangsbereich. Speziell mit dem Thema Wohlstand stehen im Feng Shui die Farben Lila, Gold, Rot und Gr\u00fcn in Verbindung.<\/p>\n<p>Neben dem Eingangsbereich kann auch die K\u00fcche f\u00fcr Blockaden verantwortlich sein. Insbesondere der Herd, denn er ist ein Symbol f\u00fcr Reichtum und Ressourcen im Feng Shui. Halten Sie Ihren Herd stets sauber, um Ihren Wohlstand zu verbessern.<\/p>\n<p><strong>Tipp: Um die Energien zum Flie\u00dfen zu bringen, empfiehlt das Feng Shui t\u00e4glich mindestens einmal den Herd zu benutzen und durch die Haust\u00fcr zu schreiten.<\/strong><\/p>\n<p><span style=\"color: #0000ff;\"><strong>Ist die Reichtumsecke im Bad m\u00f6glich?<\/strong><\/span><\/p>\n<p>Das Badezimmer hat einen eher negativen Ruf im Feng Shui. Es gilt als ein Ort, an dem die Energie nicht dauerhaft stabil bleiben kann. Daher z\u00e4hlt das Bad zu den problematischen Standorten f\u00fcr eine Reichtumsecke. Den Wohlstand erfolgreich \u00fcber eine Reichtumsecke im Bad einzuladen ist schwierig, wenn auch nicht unm\u00f6glich.<\/p>\n<p><span style=\"color: #0000ff;\"><strong>Wie kann ich meine eigene Reichtumsecke gestalten?<\/strong><\/span><\/p>\n<p>Mit den passenden Elementen, Farben und Materialien k\u00f6nnen Sie den Wohlstand spirituell einladen und zus\u00e4tzlich f\u00f6rdern.<\/p>\n<p>Das Element Holz ist im Feng Shui mit dem Reichtum assoziiert. Nutzen Sie daher nat\u00fcrliche Materialien wie Baumwolle, Bambus, Bast, Korbdeko und Korbm\u00f6bel sowie Vollholzm\u00f6bel oder Echtholzdeko, um Ihre Reichtumsecke einzurichten.<\/p>\n<p>Zu den Grundfarben Rot, Gr\u00fcn und Braun werden auch Lila und Gold zur F\u00f6rderung des Wohlstandes verwendet. Goldfarbene Bilderrahmen oder eine violette Vase sind gute Beispiele, wie sich die beiden Farben in die Reichtumsecke integrieren lassen.<\/p>\n<p>Lebendige Zimmerpflanzen steigern ebenfalls den Wohlstand. Einige Gr\u00fcnpflanzen gelten als besonders g\u00fcnstig, dazu z\u00e4hlen etwa Pachira aquatica (Gl\u00fcckskastanie) und Crassula ovata (Geldbaum, Pfennigbaum).<\/p>\n<p>Auch Kristalle werden f\u00fcr die Reichtumsecke empfohlen. Vor allem der gelblich-goldene Citrin soll Wohlstand anziehen. Citirin gilt als einer der wenigen Kristalle, die sich selbst kl\u00e4ren k\u00f6nnen, weil sie negative Energien nicht aufnehmen.<\/p>\n<p>Orangen, die urspr\u00fcnglich \u00fcbrigens genauso wie das Feng Shui aus China stammen, gelten ebenfalls als Symbol f\u00fcr Reichtum und Gl\u00fcck. Eine Schale mit Orangen l\u00e4dt gl\u00fccksverhei\u00dfende Energie in Ihr Zuhause ein.<\/p>\n<p><strong>Hilft mir ein Brunnen zum Aktivieren?<\/strong><\/p>\n<p>Flie\u00dfendes Wasser ist im Feng Shui eng mit dem Fluss von Finanzen und F\u00fclle verbunden. Sogar undichte Rohrleitungen werden als m\u00f6gliche Quelle f\u00fcr finanzielle Probleme gesehen. Ein Springbrunnen oder Wasserspiel gilt als ideale Erg\u00e4nzung, um den Wohlstand zu f\u00f6rdern, zu n\u00e4hren und zu vitalisieren.<\/p>\n<p>Empfohlen wird, den Springbrunnen in den Vorgarten zu stellen, sodass das Wasser in Richtung der Eingangst\u00fcr flie\u00dft. Flie\u00dft das Wasser vom Haus weg, soll es auch den Wohlstand wegtragen.<\/p>\n<p>Auch im Haus in der Reichtumsecke kann ein Brunnen stehen. Allerdings sollte das Pl\u00e4tschern nicht mehr im Schlafzimmer wahrnehmbar sein. Um immer frisches und klares Wasser zu haben und die Reinigung zu erleichtern, sollten Sie m\u00f6glichst destilliertes Wasser verwenden und diese etwa alle drei Tage tauschen.<\/p>\n<p>Das flie\u00dfende Wasser soll den Zufluss von Reichtum und Ressourcen in Ihr Leben aktivieren. Wenn ein echter Brunnen keine Option ist, k\u00f6nnen auch andere Symbole wie etwa ein Bild von einem Wasserfall eingesetzt werden.<\/p>\n<p><span style=\"color: #0000ff;\"><strong>Fazit<\/strong><\/span><\/p>\n<p>Gestalten Sie die Reichtumsecke laut den Regeln des Feng Shui und laden auf spiritueller Ebene mehr Reichtum und andere Ressourcen in Ihr Leben ein. Vergessen Sie nicht, sich mit frischen Gaben f\u00fcr den erhaltenen Wohlstand zu bedanken, um so die Reichtumsecke weiter zu n\u00e4hren.<\/p>\n<\/div>\n<footer class=\"entry-meta\" aria-label=\"Entry meta\">Quelle: <a href=\"https:\/\/wohnadel.de\/feng-shui-reichtumsecke\/\">Wohnadel<\/a><\/footer>\n<footer aria-label=\"Entry meta\"><\/footer>\n<h3 aria-label=\"Entry meta\"><span style=\"color: #0000ff;\"><strong>Kurs:<\/strong><\/span><\/h3>\n<ul>\n<li><a href=\"https:\/\/www.dailyom.com\/cgi-bin\/courses\/courseoverview.cgi?cid=389&amp;aff=0&amp;ad=0&amp;acct=\">Verwenden Sie Feng Shui, um mehr Wohlstand anzuziehen<\/a><\/li>\n<\/ul>\n<h3><span style=\"color: #0000ff;\"><strong>Artikel:<\/strong><\/span><\/h3>\n<ul>\n<li><a href=\"https:\/\/www.everyday-feng-shui.de\/wissen\/bagua\/\">Die 9 Zonen des BaGua<\/a><\/li>\n<li><a href=\"https:\/\/feng-shui.de\/reichtum\/\">Essenzielle Feng Shui Tipps f\u00fcr Reichtum<\/a><\/li>\n<li><a href=\"https:\/\/www.deutsches-fengshui-institut.de\/resonanz-zum-reichtum\/\">Reichtum anziehen &#8211; so gelingt&#8217;s mit Feng Shui!<\/a><\/li>\n<li><a href=\"https:\/\/www.homify.de\/ideenbuecher\/1438481\/7-feng-shui-tricks-wie-mehr-geld-ins-haus-kommt\">7 Feng Shui-Tricks, wie mehr Geld ins Haus kommt\u00a0<\/a><\/li>\n<\/ul>\n<h3><span style=\"color: #0000ff;\"><strong>Gegenst\u00e4nde:<\/strong><\/span><\/h3>\n<div class=\"i_ si33 \">\n<div class=\"i_ si35 \">\n<div class=\"i_ si40 \"><a class=\"p_ si27 \" href=\"https:\/\/www.google.com\/aclk?sa=l&amp;ai=C_F6rYrl7Y52ZD8GXtwfU7pDICoywlatptbSNq78M9fX3BggAEAIguOmQjwEoA2D1AqAB16GsoQLIAQHIAxuqBF9P0Dvl7zg4EK_gSIsca-NDWjuh_D2BbXBY7idYNluSNsGVMtgTpfmiK_Eg00hykFspl1DC0d8OHABjJ09wd5iQ5wghQk2MNrU1a4krrgGLQMRcequ-p57B-p4ebXsyccAEyaOKqZ8DiAW71cveKqAGUYAHkd7T3gGQBwGoB9TSG6gHpr4bqAe5mrECqAfz0RuoB-7SG6gH_5yxAqgHytwbqAePqbECqAe7pLECqAfYprECqAfbqrECqAfQqrECoAjqwT2wCAXSCBcQASCkgQIyA4fAAjoHgICAgIAQAkIBArEJ9lbcBKKZxhO5CbqqFxL7r1kr-AkBmAsBuAwB6AwDqg0CSUWCFA0IAhIJZmVuZyBzaHVp0BUBmBYB-BYBgBcBkhcJEgcIARADGMIB&amp;sig=AOD64_3tw7zxaLy53KHvAvRFT8YESUVc3Q&amp;adurl=https:\/\/taotempel.de\/products\/feng-shui-schwarzer-obsidian-armband%3Futm_source%3Dgoogle%26utm_medium%3Dcpc%26utm_campaign%3D11472661179%26utm_content%3D111486865865%26utm_term%3Dfeng%2520shui&amp;q=\" target=\"_blank\" rel=\"noopener\" data-ohref=\"https:\/\/www.google.com\/aclk?sa=l&amp;ai=C_F6rYrl7Y52ZD8GXtwfU7pDICoywlatptbSNq78M9fX3BggAEAIguOmQjwEoA2D1AqAB16GsoQLIAQHIAxuqBF9P0Dvl7zg4EK_gSIsca-NDWjuh_D2BbXBY7idYNluSNsGVMtgTpfmiK_Eg00hykFspl1DC0d8OHABjJ09wd5iQ5wghQk2MNrU1a4krrgGLQMRcequ-p57B-p4ebXsyccAEyaOKqZ8DiAW71cveKqAGUYAHkd7T3gGQBwGoB9TSG6gHpr4bqAe5mrECqAfz0RuoB-7SG6gH_5yxAqgHytwbqAePqbECqAe7pLECqAfYprECqAfbqrECqAfQqrECoAjqwT2wCAXSCBcQASCkgQIyA4fAAjoHgICAgIAQAkIBArEJ9lbcBKKZxhO5CbqqFxL7r1kr-AkBmAsBuAwB6AwDqg0CSUWCFA0IAhIJZmVuZyBzaHVp0BUBmBYB-BYBgBcBkhcJEgcIARADGMIB&amp;sig=AOD64_3tw7zxaLy53KHvAvRFT8YESUVc3Q&amp;adurl=https:\/\/taotempel.de\/products\/feng-shui-schwarzer-obsidian-armband%3Futm_source%3Dgoogle%26utm_medium%3Dcpc%26utm_campaign%3D11472661179%26utm_content%3D111486865865%26utm_term%3Dfeng%2520shui&amp;q=\"><span class=\"si130\">Feng Shui<\/span>\u00a0Schmuck f\u00fcr Reichtum &#8211; F\u00fcr Gl\u00fcck &amp;\u00a0<span class=\"si130\">Wohlstand<\/span><\/a><\/div>\n<\/div>\n<\/div>\n<ul>\n<li><span class=\"p_ si29 \"><span class=\"si130\">Feng Shui<\/span>\u00a0Armband. Schwarzer Obsidian um negative Energie loszuwerden. <\/span><\/li>\n<li><span class=\"p_ si29 \">Pixiu zieht Reichtum an. <\/span><\/li>\n<li><span class=\"p_ si29 \">Mani Padme Hum Mantra f\u00fcr Weisheit, Gl\u00fcck und positive Energie. <\/span><\/li>\n<\/ul>\n<p>&nbsp;<\/p>\n","protected":false},"excerpt":{"rendered":"<p>Feng Shui und Reichtum, finanziellen Wohlstand Reichtumsecke ist der\u00a0Baguabereich, der sich 4 oben links befindet. Die Gestaltung der Reichtumsecke in unserer Wohnung zeigt, was wir unter Reichtum verstehen. Dieser Bereich wird wohl am meisten mi\u00dfverstanden und nur mit materiellem Reichtum, respektive Geld und Luxusg\u00fctern in Verbindung gebracht. Danach richtet sich dann der eigene Selbstwert. Man [&hellip;]<\/p>\n","protected":false},"author":1,"featured_media":0,"parent":3130,"menu_order":0,"comment_status":"closed","ping_status":"closed","template":"members-style1-nosidebar.php","meta":{"footnotes":"","_links_to":"","_links_to_target":""},"class_list":["post-4713","page","type-page","status-publish","hentry"],"_links":{"self":[{"href":"https:\/\/reich-sein.eu\/club\/wp-json\/wp\/v2\/pages\/4713","targetHints":{"allow":["GET"]}}],"collection":[{"href":"https:\/\/reich-sein.eu\/club\/wp-json\/wp\/v2\/pages"}],"about":[{"href":"https:\/\/reich-sein.eu\/club\/wp-json\/wp\/v2\/types\/page"}],"author":[{"embeddable":true,"href":"https:\/\/reich-sein.eu\/club\/wp-json\/wp\/v2\/users\/1"}],"replies":[{"embeddable":true,"href":"https:\/\/reich-sein.eu\/club\/wp-json\/wp\/v2\/comments?post=4713"}],"version-history":[{"count":13,"href":"https:\/\/reich-sein.eu\/club\/wp-json\/wp\/v2\/pages\/4713\/revisions"}],"predecessor-version":[{"id":4728,"href":"https:\/\/reich-sein.eu\/club\/wp-json\/wp\/v2\/pages\/4713\/revisions\/4728"}],"up":[{"embeddable":true,"href":"https:\/\/reich-sein.eu\/club\/wp-json\/wp\/v2\/pages\/3130"}],"wp:attachment":[{"href":"https:\/\/reich-sein.eu\/club\/wp-json\/wp\/v2\/media?parent=4713"}],"curies":[{"name":"wp","href":"https:\/\/api.w.org\/{rel}","templated":true}]}}