{"id":4817,"date":"2022-11-22T19:45:51","date_gmt":"2022-11-22T17:45:51","guid":{"rendered":"http:\/\/reich-sein.eu\/club\/?page_id=4817"},"modified":"2022-11-24T10:25:38","modified_gmt":"2022-11-24T08:25:38","slug":"programmierung","status":"publish","type":"page","link":"https:\/\/reich-sein.eu\/club\/opfern\/programmierung\/","title":{"rendered":"Programmierung"},"content":{"rendered":"<h2><span style=\"color: #0000ff;\"><strong>Programmierung Deines Unterbewu\u00dftseins<\/strong><\/span><\/h2>\n<h3><span style=\"color: #0000ff;\"><strong>Wesentliche Programme:<\/strong><\/span><\/h3>\n<h3><span style=\"color: #0000ff;\"><strong>1) Welt-Anschauung (Gott und die Welt)<\/strong><\/span><\/h3>\n<ul>\n<li>Materialistisches Weltbild<\/li>\n<li>Geschichtsbild (Sieger schreiben die Geschichte)<\/li>\n<\/ul>\n<h3><span style=\"color: #0000ff;\"><strong>2) Selbst-Programmierung (Ich und die Welt)<\/strong><\/span><\/h3>\n<p>Selbst-Bild<\/p>\n<p>Selbst-Schutzmechanismen<\/p>\n<p>Selbst-Projektionen<\/p>\n<ul>\n<li>Eine Projektion (lat. proiectio \u2013 hervorwerfen, herauswerfen) ist eine \u00dcbertragung meiner Gedanken und Gef\u00fchle auf einen anderen Menschen.<\/li>\n<\/ul>\n<h3><span style=\"color: #0000ff;\"><strong>3) Fremd-Programmierung (Die Anderen in meiner Welt)<\/strong><\/span><\/h3>\n<ol>\n<li><strong>Partnerbild<\/strong> (Liebesbeziehung, Ehe, Freundschaft, Nachbar, Verhandlungspartner)<\/li>\n<li><strong>Gruppenbild<\/strong> (Familie, Arbeitsgruppe, Freizeitgruppe)<\/li>\n<li><strong>Gesellschaftsbild<\/strong> (WIR gegen\u00fcber den ANDEREN)<\/li>\n<li><strong>Umweltbild<\/strong> (nat\u00fcrliche, Mineralien, Pflanzen, Tiere)<\/li>\n<li><strong>Politik:<\/strong> Bild \u00fcber bestimmte Themen: Werte, Geld, Krieg, Gesundheit, Klima usw.<\/li>\n<\/ol>\n<p>++++++++++++++++++++++++++++++++++++++++++++++++<\/p>\n<h2><span style=\"color: #0000ff;\"><strong>zu 1) Weltbild<\/strong><\/span><\/h2>\n<p><span style=\"color: #0000ff;\"><strong>David Icke: Die Antwort (2022)<\/strong><\/span><\/p>\n<p><a href=\"https:\/\/amzn.to\/3C9o2St\"><img loading=\"lazy\" decoding=\"async\" class=\"alignleft size-full wp-image-3442\" src=\"http:\/\/reich-sein.eu\/club\/wp-content\/uploads\/2022\/09\/Die-Antwort.jpg\" alt=\"\" width=\"183\" height=\"266\" \/><\/a><\/p>\n<p><strong>\u201eDie Antwort\u201c<\/strong>\u00a0wird alle Deine Wahrnehmungen \u00fcber das leben und die Welt ver\u00e4ndern.<\/p>\n<ul>\n<li>Dieses Buch befreit Dich von den Illusionen, die unsere Gesellschaft kontrollieren.<\/li>\n<li>Die Antwort \u00e4ndert den Blickwinkel aus unserer bisherigen festgefahrenen Perspektive. Der Autor ist bekannt f\u00fcr seine weitsichtige Wahrnehmung und hilft dem Leser seine eigene Wahrnehmung zu hinterfragen.<\/li>\n<li><em>Die Antwort<\/em>\u00a0ist nicht religi\u00f6s oder politisch geladen, sondern vielmehr der Augen\u00f6ffner f\u00fcr eine ungefilterte Wahrnehmung auf das Leben und die Welt.<\/li>\n<li>Die Menschheit muss erfahren, was in diesem Werk steht \u2013 es gibt nichts Wichtigeres f\u00fcr unsere gemeinsame Freiheit.<\/li>\n<\/ul>\n<p>Antwort auf Fragen wie<\/p>\n<ul>\n<li>Was ist Realit\u00e4t?<\/li>\n<li>Wer sind wir?<\/li>\n<li>Wie werden wir manipuliert?<\/li>\n<li>Warum wird der Klimawandel erfunden?<\/li>\n<li>Wohin gehen wir \u2013 wenn wir es zulassen?<\/li>\n<li>Wie haben sie das mit der Fake-Pandemie hingekriegt?<\/li>\n<\/ul>\n<p><strong><a href=\"https:\/\/amzn.to\/3C9o2St\">Buch HIER bestellen<\/a><\/strong><\/p>\n<p>&nbsp;<\/p>\n<h3><strong>3) Verbindliche Zustimmung zu fremden Vorgaben\u00a0<\/strong><\/h3>\n<p><strong>Programmierungen durch verbindliche Zustimmungen zu Vorgaben anderer\u00a0<\/strong><\/p>\n<ul>\n<li><strong>Pakte<\/strong><\/li>\n<li><strong>Vertr\u00e4ge<\/strong><\/li>\n<li><strong>\u00dcbereinkommen<\/strong><\/li>\n<li><strong>Weihungen<\/strong><\/li>\n<li><strong>Gel\u00fcbde<\/strong><\/li>\n<li><strong>Eide<\/strong><\/li>\n<li><strong>Gel\u00f6bnisse<\/strong><\/li>\n<li><strong>Schw\u00fcre<\/strong><\/li>\n<li><strong>Erkl\u00e4rungen<\/strong><\/li>\n<li><strong>Ehrenworte<\/strong><\/li>\n<li><strong>Versprechen<\/strong><\/li>\n<li><strong>Verpflichtungen<\/strong><\/li>\n<li><strong>B\u00fcndnisse<\/strong><\/li>\n<li><strong>Bruderschaften<\/strong><\/li>\n<li><strong>Allianzen<\/strong><\/li>\n<\/ul>\n<p><strong>Widerruf von Gel\u00fcbden, Weihungen, Vertr\u00e4gen &amp; Co.\u00a0<\/strong><\/p>\n<p>\u2013\u00a0Wenn wir bestimmte Gel\u00fcbde oder \u00c4hnliches ablegen, ist es wichtig, dass diese ein \u201eVerfallsdatum\u201c bekommen. Die Kirche wei\u00df das, daher erh\u00e4lt das Ehegel\u00fcbde auch den Zusatz:\u00a0<em><strong>\u201ebis das der Tod uns scheidet\u201c.<\/strong><\/em><br \/>\n\u2013\u00a0In Kl\u00f6stern jedoch m\u00fcssen die Nonnen und Pater oft so \u201eGel\u00fcbde\u201c wie:\u00a0<strong><em>\u201eEwige Armut\u201c<\/em><\/strong>\u00a0oder\u00a0<strong><em>\u201eEwige Keuschheit\u201c,<\/em><\/strong>\u00a0ablegen, was sich auch dramatisch auf die folgenden Leben auswirkt. Daher empfiehlt es sich, so einen Widerruf auch prophylaktisch zu sprechen.<br \/>\n\u2013\u00a0Viele dieser \u201eVertr\u00e4ge\u201c haben jedoch noch in den inkarnations\u00fcbergreifenden Ebenen eine \u201eDokumentation\u201c dieses Vertrages hinterlegt. Daher ist es in vielen F\u00e4llen erforderlich, sowohl den Vertrag in diesen Ebenen zu l\u00f6schen, als auch explizit den Widerruf zu sprechen. Im Rahmen einer geistig-energetischen Reinigung w\u00fcrden solche Elemente gel\u00f6scht werden<br \/>\n\u2013\u00a0Hier kommt jetzt eine Anleitung f\u00fcr so einen Widerruf. Wer in Kontakt mit seinem h\u00f6heren Selbst steht, kann nachfragen, ob der Widerruf angenommen wurde und vollst\u00e4ndig ist. In Einzelf\u00e4llen kann es auch individuelle Versprechen geben, die auch \u201eindividuell\u201c aufgel\u00f6st werden m\u00fcssen<\/p>\n<p><strong>Widerruf von Vertr\u00e4gen und Schw\u00fcren aller Art:<\/strong><\/p>\n<p><strong>Ich, (Name), geboren am \u2026 , in \u2026. , widerrufe hiermit:<\/strong><br \/>\n<strong>\ud83d\udd38\u00a0alle Pakte<\/strong><br \/>\n<strong>\ud83d\udd38\u00a0alle Vertr\u00e4ge<\/strong><br \/>\n<strong>\ud83d\udd38\u00a0alle \u00dcbereinkommen<\/strong><br \/>\n<strong>\ud83d\udd38\u00a0alle Weihungen<\/strong><br \/>\n<strong>\ud83d\udd38\u00a0alle Gel\u00fcbde<\/strong><br \/>\n<strong>\ud83d\udd38\u00a0alle Eide<\/strong><br \/>\n<strong>\ud83d\udd38\u00a0alle Gel\u00f6bnisse<\/strong><br \/>\n<strong>\ud83d\udd38\u00a0alle Schw\u00fcre<\/strong><br \/>\n<strong>\ud83d\udd38\u00a0alle Erkl\u00e4rungen<\/strong><br \/>\n<strong>\ud83d\udd38\u00a0alle Ehrenworte<\/strong><br \/>\n<strong>\ud83d\udd38\u00a0alle Versprechen<\/strong><br \/>\n<strong>\ud83d\udd38\u00a0alle Verpflichtungen<\/strong><br \/>\n<strong>\ud83d\udd38\u00a0alle B\u00fcndnisse<\/strong><br \/>\n<strong>\ud83d\udd38\u00a0alle Bruderschaften<\/strong><br \/>\n<strong>\ud83d\udd38\u00a0alle Allianzen<\/strong><br \/>\n<strong>aus diesem und allen anderen Leben und Ebenen und erkl\u00e4re sie hiermit f\u00fcr null und nichtig und fordere hiermit meine 100 %-ige Souver\u00e4nit\u00e4t zur\u00fcck<\/strong><\/p>\n<p>Bei Fragen dazu: im Chat (<a href=\"https:\/\/t.me\/ExitMatrixChat\">https:\/\/t.me\/ExitMatrixChat<\/a>)<\/p>\n<h3><strong>4) Soziale Manipulation (Massenpsychologie und Gruppennormen)<\/strong><\/h3>\n<p><strong>Wobei richtest Du Dich nach den anderen?<\/strong><\/p>\n<p>Wenn du der Menge folgst, verlierst du dich selbst<br \/>\nWenn du deiner Seele folgst, wirst du die Menge verlieren\u2026<br \/>\nAber keine Sorge, auf deinem Weg wird dir dein Seelenstamm erscheinen.<\/p>\n<p>Vielleicht kennst du das? Du lebst deine Werte und Menschen wenden sich von dir ab\u2026 Oder du wendest dich von ihnen ab, weil sich ein gemeinsamer Weg einfach nicht mehr gut anf\u00fchlt?<br \/>\nDaf\u00fcr kommen neue Seelen in dein Leben, mit denen du dich verbunden f\u00fchlst. Du ziehst an, was du ausstrahlst.<br \/>\nUnd wenn das nicht direkt geschieht:<br \/>\nBleibe im Vertrauen.<br \/>\nWIR sind verbunden.<\/p>\n<p>Und wenn du \u201ain der Liebe\u2018 bist, hast du den allerh\u00f6chsten Schutzfaktor, auch wenn du eine gewisse Zeit deinen Weg alleine gehst.<\/p>\n<p><strong>DU bist so viel mehr, als man dir sagt Du bist ein Wunder<\/strong><\/p>\n<p>(<a href=\"https:\/\/t.me\/ena_erwache_nach_anderswo\/770\">https:\/\/t.me\/ena_erwache_nach_anderswo\/770<\/a>)<\/p>\n<h3><strong>Antrainierte Glaubenss\u00e4tze<\/strong><\/h3>\n<p><strong>Glaubenss\u00e4tze sind\u00a0\u00dcber-Zeugungen<\/strong>, die tief im Inneren und unbewusst als Wahrheit abgespeichert wurden und unterbewu\u00dfte Lebensregeln wurden.<\/p>\n<p>Glaubenss\u00e4tze sind tief verwurzelte \u00dcberzeugungen. Es sind fest verankerte sprachliche Muster, welche unser Denken und Handeln beeinflussen.<\/p>\n<p>Glaubenss\u00e4tze sind unsere\u00a0<strong>Grundfesten<\/strong>\u00a0im Leben, die uns Halt, Orientierung und Stabilit\u00e4t geben.<\/p>\n<p>W\u00e4hrend unsere\u00a0<a href=\"http:\/\/www.nlp.at\/begriffe\/vakog\">5 Sinne (VAKOG)<\/a>\u00a0die unz\u00e4hligen Eindr\u00fccke filtern, die pro Sekunde auf uns eintreffen, bestimmen die Glaubenss\u00e4tze die Art und Weise,\u00a0<strong><em>WIE<\/em><\/strong>\u00a0diese Eindr\u00fccke intern\u00a0<strong>verarbeitet<\/strong>\u00a0und\u00a0<strong>interpretiert<\/strong>\u00a0(ja sogar von uns selbst\u00a0manipuliert) werden.<\/p>\n<p>Daraus\u00a0<strong>resultieren<\/strong>\u00a0unsere\u00a0<strong>Gedanken<\/strong>,\u00a0<strong>Gef\u00fchle<\/strong>\u00a0und\u00a0<strong>Handlungen<\/strong>.<\/p>\n<p><strong>Drei Arten von Glaubenss\u00e4tzen k\u00f6nnen unterschieden werden<\/strong>.<\/p>\n<ol>\n<li><strong>Ursachen<\/strong><\/li>\n<li><strong>Bedeutung<\/strong><\/li>\n<li><strong>Identit\u00e4t<\/strong><\/li>\n<\/ol>\n<p>Die\u00a0<strong>Glaubenss\u00e4tze \u00fcber Ursachen<\/strong>\u00a0konstruiert der Mensch, um den Grund bestimmter Dinge zu erkl\u00e4ren. Im Alltag erleben wir zahlreiche Situationen, die wir mit der bestehenden Informationslage abgleichen. Liegen unzureichende Erfahrungen vor, nutzen wir einen\u00a0<strong>Glaubenssatz f\u00fcr ein plausibles Erkl\u00e4rungskonstrukt.<\/strong>\u00a0Hierbei handelt es sich um Glaubenss\u00e4tze, die wir f\u00fcr die Wahrheit halten, ohne sie zu kennen.<\/p>\n<ul>\n<li>Ein typisches Satzbeispiel ist:\u00a0<em>\u201eWeil ich mit nassen Haaren nach drau\u00dfen gegangen bin, habe ich mich erk\u00e4ltet.\u201c<\/em><\/li>\n<\/ul>\n<p>Die\u00a0<strong>Glaubenss\u00e4tze \u00fcber Bedeutungen<\/strong>\u00a0nutzt der Mensch, um tieferen Sinn im Erfahrenen und Erlebten zu erkennen.\u00a0Viele Menschen glauben an einen Zusammenhang zwischen einer Ursache und einer Wirkung. Bei kleinen oder gro\u00dfen Schicksalsschl\u00e4gen gehen sie von einer tieferen Bedeutung aus. Sie fragen sich,\u00a0<strong>warum<\/strong>\u00a0etwas geschieht (z.B. ein Ungl\u00fcck, eine Krankheit). Im Ergebnisse entstehen Glaubenss\u00e4tze.<\/p>\n<p>Beispiele f\u00fcr Bedeutungs-Glaubenss\u00e4tze sind:<\/p>\n<ul>\n<li><em>\u201eIch bin krank, weil mein K\u00f6rper mich vor zu viel Stress warnt.\u201c<\/em><\/li>\n<li><em>\u201eIch bin krank, weil mein Karma schlecht ist.\u201c<\/em><\/li>\n<li><em>\u201eIch habe Krebs bekommen, weil Gott mich bestraft.\u201c<\/em><\/li>\n<\/ul>\n<p class=\"a-size-mini a-spacing-none a-color-base s-line-clamp-2\"><a href=\"https:\/\/amzn.to\/3BRz0dR\"><span class=\"a-size-medium a-color-base a-text-normal\">Louise L. Hay: Heile deinen K\u00f6rper: Seelisch-geistige Gr\u00fcnde f\u00fcr k\u00f6rperliche Krankheit<\/span><\/a><\/p>\n<p class=\"a-size-mini a-spacing-none a-color-base s-line-clamp-2\"><a href=\"https:\/\/amzn.to\/3RjqXfA\"><span class=\"a-size-medium a-color-base a-text-normal\">Ruediger Dahlke: Krankheit als Symbol: Ein Handbuch der Psychosomatik. Symptome, Be-Deutung, Einl\u00f6sung<\/span><\/a><\/p>\n<p>Die\u00a0<strong>Glaubenss\u00e4tze der Identit\u00e4t<\/strong>\u00a0erkl\u00e4ren, warum wir etwas tun und wie unser Handeln eine Situation beeinflusst. Sie definieren die individuellen Grenzen und Einschr\u00e4nkungen.<\/p>\n<p>Glaubenss\u00e4tze in Bezug auf die Identit\u00e4t k\u00f6nnen Dich davon abhalten, Dein Leben zu \u00e4ndern. Die meisten Menschen wissen nicht um diese inneren Hemmnisse. Handelt es sich um negative Glaubenss\u00e4tze, f\u00fchlen sie sich unter Umst\u00e4nden in Selbstzweifeln gefangen.<\/p>\n<ul>\n<li>Beispiel eines Glaubenssatzes, der Dir in Deiner Weiterentwicklung im Weg steht:\u00a0<em>\u201eWenn mir etwas Gutes passiert, folgt kurz darauf etwas Schlechtes.\u201c<\/em><\/li>\n<\/ul>\n<h3><strong>Destruktive und konstruktive Glaubensmuster<\/strong><\/h3>\n<ul>\n<li>Destruktive Glaubenss\u00e4tze = blockierend, einschr\u00e4nkend, begrenzend<\/li>\n<li>Konstruktive\u00a0 Glaubensmuster = f\u00f6rderlich, n\u00fctzlich<strong>,\u00a0<\/strong>voran bringend, aufbauend, entwicklungsf\u00f6rdernd<\/li>\n<\/ul>\n<p><strong>Beispiele f\u00fcr\u00a0<em>destruktive<\/em>\u00a0Glaubenss\u00e4tze:<\/strong><\/p>\n<ul>\n<li>Ich kann das nicht.<\/li>\n<li>Ich bin nicht gut genug.<\/li>\n<li>Ich werde das nie schaffen, das ist unrealistisch.<\/li>\n<li>Ich kann nicht vor Publikum sprechen.<\/li>\n<li>Ich kann nicht singen.<\/li>\n<li>Daran kann ich einfach nichts \u00e4ndern.<\/li>\n<li>Man kann keinem Menschen 100%ig vertrauen.<\/li>\n<li>Man kann nicht alles haben.<\/li>\n<li>Das Leben ist hart und ungerecht.<\/li>\n<li>Wenn man Geld verdienen will, muss man auf vieles Andere verzichten.<\/li>\n<li>Ich bin zu alt daf\u00fcr.<\/li>\n<\/ul>\n<p><strong>Beispiele f\u00fcr konstruktive Glaubenss\u00e4tze:<\/strong><\/p>\n<ul>\n<li>Ich bin davon \u00fcberzeugt, dass mir alles gelingt was ich erreichen m\u00f6chte.<\/li>\n<li>Ich bin gut in dem was ich tue.<\/li>\n<li>Es f\u00e4llt mir leicht, auf Menschen zuzugehen.<\/li>\n<li>Ich kann gut und empathisch mit aufgeregten Kunden umgehen.<\/li>\n<li>Ich habe das Potential zu gewinnen.<\/li>\n<\/ul>\n<p><strong>Erkenne und \u00e4ndere Deine destruktiven Glaubenss\u00e4tze\u00a0\u00a0<\/strong><\/p>\n<p>Wenn Du Deine destruktiven\u00a0<strong>Glaubenss\u00e4tze aktiv ver\u00e4nderst<\/strong>, f\u00fchrst Du ein\u00a0<strong>selbstbestimmtes Leben.<\/strong><\/p>\n<p>F\u00fcr das Ver\u00e4ndern eines Glaubenssatzes eignen sich folgende\u00a0<strong>Fragestellungen:<\/strong><\/p>\n<ul>\n<li>Wie schr\u00e4nkt Dich der Glaubenssatz ein?<\/li>\n<li>Willst Du weiterhin an ihn glauben?<\/li>\n<li>Bist Du von der Wahrhaftigkeit des Glaubenssatzes \u00fcberzeugt?<\/li>\n<li>Woher r\u00fchrt diese \u00dcberzeugung?<\/li>\n<li>Gilt der Glaubenssatz in jeder Lebenssituation?<\/li>\n<li>Welche Beweise existieren f\u00fcr Deine \u00dcberzeugung?<\/li>\n<li>Existieren Menschen, die in der gleichen Situation andere Glaubenssysteme nutzen und mehr Erfolge verzeichnen?<\/li>\n<\/ul>\n<p><strong>Was glaubst Du?<\/strong><\/p>\n<h3><strong>Ressourcen:<\/strong><\/h3>\n<ul>\n<li class=\"entry-title\"><a href=\"https:\/\/gedankenportal.de\/was-sind-glaubenssaetze\/\">Karoline Poitz: Was sind Glaubenss\u00e4tze?<\/a><\/li>\n<li class=\"entry-title\"><a href=\"https:\/\/www.nlp.at\/begriffe\/glaubenssaetze\">Glaubenss\u00e4tze \u2013 ein Beispiel gef\u00e4llig?<\/a><\/li>\n<li class=\"entry-title\"><a href=\"https:\/\/www.kikidan.com\/nlp\/liste-wichtiger-glaubenssaetze\/\"><span class=\"elementor-icon-list-text elementor-post-info__item elementor-post-info__item--type-custom\">Chris Mulzer:\u00a0<\/span>Liste wichtiger Glaubenss\u00e4tze. Positive und negative Formulierungen<\/a><\/li>\n<li class=\"entry-title\"><a href=\"https:\/\/schnelleinfachgesund.de\/glaubenssaetze\/\">Innere Glaubenss\u00e4tze \u2013 Wie Du ungeahnte Kr\u00e4fte entfesselst!<\/a><\/li>\n<\/ul>\n<h3><strong>Gepr\u00e4gte Verhaltensmuster und Verhaltensregeln<\/strong><\/h3>\n<p><strong>Wie verh\u00e4ltst Du Dich?<\/strong><\/p>\n","protected":false},"excerpt":{"rendered":"<p>Programmierung Deines Unterbewu\u00dftseins Wesentliche Programme: 1) Welt-Anschauung (Gott und die Welt) Materialistisches Weltbild Geschichtsbild (Sieger schreiben die Geschichte) 2) Selbst-Programmierung (Ich und die Welt) Selbst-Bild Selbst-Schutzmechanismen Selbst-Projektionen Eine Projektion (lat. proiectio \u2013 hervorwerfen, herauswerfen) ist eine \u00dcbertragung meiner Gedanken und Gef\u00fchle auf einen anderen Menschen. 3) Fremd-Programmierung (Die Anderen in meiner Welt) Partnerbild (Liebesbeziehung, Ehe, [&hellip;]<\/p>\n","protected":false},"author":1,"featured_media":0,"parent":4018,"menu_order":0,"comment_status":"closed","ping_status":"closed","template":"members-style1-nosidebar.php","meta":{"footnotes":"","_links_to":"","_links_to_target":""},"class_list":["post-4817","page","type-page","status-publish","hentry"],"_links":{"self":[{"href":"https:\/\/reich-sein.eu\/club\/wp-json\/wp\/v2\/pages\/4817","targetHints":{"allow":["GET"]}}],"collection":[{"href":"https:\/\/reich-sein.eu\/club\/wp-json\/wp\/v2\/pages"}],"about":[{"href":"https:\/\/reich-sein.eu\/club\/wp-json\/wp\/v2\/types\/page"}],"author":[{"embeddable":true,"href":"https:\/\/reich-sein.eu\/club\/wp-json\/wp\/v2\/users\/1"}],"replies":[{"embeddable":true,"href":"https:\/\/reich-sein.eu\/club\/wp-json\/wp\/v2\/comments?post=4817"}],"version-history":[{"count":3,"href":"https:\/\/reich-sein.eu\/club\/wp-json\/wp\/v2\/pages\/4817\/revisions"}],"predecessor-version":[{"id":4822,"href":"https:\/\/reich-sein.eu\/club\/wp-json\/wp\/v2\/pages\/4817\/revisions\/4822"}],"up":[{"embeddable":true,"href":"https:\/\/reich-sein.eu\/club\/wp-json\/wp\/v2\/pages\/4018"}],"wp:attachment":[{"href":"https:\/\/reich-sein.eu\/club\/wp-json\/wp\/v2\/media?parent=4817"}],"curies":[{"name":"wp","href":"https:\/\/api.w.org\/{rel}","templated":true}]}}