{"id":5233,"date":"2022-11-30T11:04:44","date_gmt":"2022-11-30T09:04:44","guid":{"rendered":"http:\/\/reich-sein.eu\/club\/?page_id=5233"},"modified":"2022-11-30T12:36:41","modified_gmt":"2022-11-30T10:36:41","slug":"traeume","status":"publish","type":"page","link":"https:\/\/reich-sein.eu\/club\/mittel\/symbole\/traeume\/","title":{"rendered":"Tr\u00e4ume"},"content":{"rendered":"<h2><span style=\"color: #0000ff;\"><strong>Tr\u00e4ume<\/strong><\/span><\/h2>\n<ul>\n<li><strong>Alptr\u00e4ume<\/strong><\/li>\n<\/ul>\n<p><a class=\"ek-link\" href=\"https:\/\/www.carpediem.life\/24421\/albtraeume-loswerden\/\">Albtr\u00e4ume loszuwerden<\/a><\/p>\n<p>Die Tr\u00e4ume anderer Menschen werden gezielt beeinflusst:\u00a0Film \u201eInception\u201c mit Leonardo DiCaprio<\/p>\n<p><iframe loading=\"lazy\" title=\"YouTube video player\" src=\"https:\/\/www.youtube-nocookie.com\/embed\/JEv8W3pWqH0\" width=\"560\" height=\"315\" frameborder=\"0\" allowfullscreen=\"allowfullscreen\"><\/iframe><\/p>\n<p><iframe loading=\"lazy\" title=\"YouTube video player\" src=\"https:\/\/www.youtube-nocookie.com\/embed\/Bd-nsznfrO4\" width=\"560\" height=\"315\" frameborder=\"0\" allowfullscreen=\"allowfullscreen\"><\/iframe><\/p>\n<p><iframe loading=\"lazy\" title=\"YouTube video player\" src=\"https:\/\/www.youtube-nocookie.com\/embed\/Y_uJYNZehAE\" width=\"560\" height=\"315\" frameborder=\"0\" allowfullscreen=\"allowfullscreen\"><\/iframe><\/p>\n<p><iframe loading=\"lazy\" title=\"YouTube video player\" src=\"https:\/\/www.youtube-nocookie.com\/embed\/9bD7j_zJvXk\" width=\"560\" height=\"315\" frameborder=\"0\" allowfullscreen=\"allowfullscreen\"><\/iframe><\/p>\n<ul>\n<li><strong>\u201eluzides Tr\u00e4umen\u201c oder \u201eKlartr\u00e4umen\u201c: <\/strong>Dabei ist man sich <strong>im Schlaf<\/strong> bewusst, dass man tr\u00e4umt und kann das Geschehen mitunter kontrollieren.<\/li>\n<\/ul>\n<p><a href=\"https:\/\/www.wissenschaft-im-dialog.de\/projekte\/wieso\/artikel\/beitrag\/was-sind-klartraeume-und-wie-wirken-sie-auf-uns\/\">https:\/\/www.wissenschaft-im-dialog.de\/projekte\/wieso\/artikel\/beitrag\/was-sind-klartraeume-und-wie-wirken-sie-auf-uns\/<\/a><\/p>\n<p>\u201eWILD-Methode\u201c (<a href=\"https:\/\/www.carpediem.life\/a\/wie-luzides-traeumen-lernen\">\u201eWake Initiated Lucid Dream\u201c<\/a>):\u00a0<span class=\"background-color\">Die Idee ist dabei, den Klartraum direkt aus der Einschlafphase, also aus dem Wachzustand heraus, zu initiiere<\/span><\/p>\n<ul>\n<li><strong>Tagtr\u00e4ume oder\u00a0<\/strong><strong>Wachtr\u00e4ume:\u00a0<\/strong><em>Ein\u00a0Wachtraum\u00a0ist ein Traum, in dem der Tr\u00e4umende sich bewusst ist, dass er tr\u00e4umt und bei Bewusstsein den Traum erleben und ggf. auch beeinflussen kann. (eine Art von Halluzinationen, die beim Einschlafen)<\/em><\/li>\n<\/ul>\n<p>Als Tagtraum oder auch Wachtraum bezeichnet man das phantasiegeleitete Ausmalen von unrealen oder gew\u00fcnschten Vorstellungen in einem Wachzustand, bei dem die Umgebungsreize jedoch weitgehend ausgeschaltet sind. Dies wird beim katathymen Bilderleben auch als psychotherapeutisches Verfahren eingesetzt (vgl. ohne Autor, 1995, S. 482).(Stangl, W. (2022, 30. November).\u00a0<a href=\"https:\/\/lexikon.stangl.eu\/1778\/wachtraum\"><em>Wachtraum \u2013 Online Lexikon f\u00fcr Psychologie &amp; P\u00e4dagogik<\/em><\/a>.<\/p>\n<h2><span style=\"color: #0000ff;\"><strong>Traumdeutung<\/strong><\/span><\/h2>\n<p><strong>Traumdeutung von \u00fcber 18.600 Traumsymbolen:\u00a0<\/strong><a href=\"https:\/\/traum-deutung.de\">https:\/\/traum-deutung.de<\/a><\/p>\n<p>Seit der Antike forschen dieMenschen nach der Bedeutung von Tr\u00e4umen.<\/p>\n<p>Tr\u00e4ume werden von Neurowissenschaftlern und Psychoanalytikern meist unterschiedlich interpretiert. Wieder andere Wissenschaftler sind\u00a0sogar der Meinung, man kann in Wirklichkeit\u00a0nichts aus Tr\u00e4umen interpretieren und lehnen die<br \/>\nExistenz der Traumsymbolik rundweg ab.<\/p>\n<p>Man kann das Unterbewusste auch\u00a0gezielt davon abhalten, bestimmte Tr\u00e4ume zu\u00a0haben.<\/p>\n<p><em>\u201eImmer wieder Alptr\u00e4ume: Alptr\u00e4ume los werden mit der richtigen Technik!&#8220;<\/em><\/p>\n<p>Wann haben Tr\u00e4ume wirklich was\u00a0zu bedeuten?<br \/>\nDie Menschen haben sich schon immer mit ihren Tr\u00e4umen besch\u00e4ftigt und versucht, die genauere Bedeutung herauszufinden. Im Laufe der Zeit bildeten sich mehrere tausend Symbole und Interpretationen heraus.<\/p>\n<p>Dieses Thema ist aber ausgesprochen komplex, da die <strong>individuellen<\/strong> Eigenschaften und Lebensgewohnheiten des einzelnen Menschen zu ber\u00fccksichtigen sind. <strong>Die Symbole sind also nicht als starre Regeln zu verstehen, sondern als Hinweise.<\/strong><br \/>\nSigmund Freud nannte Tr\u00e4ume einen \u201eseelischen Vorgang des Halbschlafs\u201c. Er war der Auffassung, dass sich in den Tr\u00e4umen der Menschen, mit Hilfe bestimmter Symbole, unsere Psyche\u00a0unbewusste \u00c4ngste und Probleme ausdr\u00fcckt bzw. verarbeitet.<\/p>\n<p><strong>H\u00e4ufig vorkommende\u00a0Traumsymbole<\/strong><br \/>\nViele Menschen erleben dieselben Situationen im\u00a0Traum. Einige der am h\u00e4ufigsten auftretenden Erlebnisse sind<\/p>\n<ul>\n<li>Tod<\/li>\n<li>Zahnausfall<\/li>\n<li>Spinne<\/li>\n<li>Schlange<\/li>\n<li>Katze<\/li>\n<li>Hund<\/li>\n<li>Fremdgehen<\/li>\n<li>Treppen<\/li>\n<li>Babys<\/li>\n<li>Haare<\/li>\n<\/ul>\n<p>Die bei den einzelnen Beispielen genannten Deutungen sind sehr allgemein zu verstehen. Eine tiefergehende Analyse ist nur in Zusammenarbeit mit auf Tr\u00e4ume und Traumsymbole spezialisierte Psycho-Therapeuten m\u00f6glich.<\/p>\n<p><a class=\"ek-link\" href=\"https:\/\/www.carpediem.life\/10078\/wie-luzides-traeumen-lernen\/\">Luzides Tr\u00e4umen<\/a>\u00a0(oder auch\u00a0<a class=\"ek-link\" href=\"https:\/\/www.carpediem.life\/22228\/klartraeume\/\">Klartraum<\/a>\u00a0genannt) \u2013 hilft uns dabei, dem Albtraum aktiv und bewusst entgegenzuwirken.<\/p>\n<ul>\n<li class=\"page-title\" title=\"Klartraum: Wie du luzides Tr\u00e4umen lernen kannst\"><a href=\"https:\/\/www.carpediem.life\/10078\/wie-luzides-traeumen-lernen\/\">Klartraum: Wie du luzides Tr\u00e4umen lernen kannst:\u00a0Sich m\u00f6glichst oft an Trauminhalte erinnern \u2013 oder sie gar bewusst steuern k\u00f6nnen.\u00a0<\/a><\/li>\n<li class=\"page-title\" title=\"Albtr\u00e4ume loswerden in 3 Schritten \u2013 mit luzidem Tr\u00e4umen\"><a href=\"https:\/\/www.carpediem.life\/a\/albtraeume-loswerden\">Albtr\u00e4ume loswerden in 3 Schritten \u2013 mit luzidem Tr\u00e4umen<\/a><\/li>\n<\/ul>\n<h4 class=\"related-entry-title\"><a href=\"https:\/\/www.carpediem.life\/a\/klartraeume\">Wie du dich an deine Tr\u00e4ume erinnerst<\/a><\/h4>\n","protected":false},"excerpt":{"rendered":"<p>Tr\u00e4ume Alptr\u00e4ume Albtr\u00e4ume loszuwerden Die Tr\u00e4ume anderer Menschen werden gezielt beeinflusst:\u00a0Film \u201eInception\u201c mit Leonardo DiCaprio \u201eluzides Tr\u00e4umen\u201c oder \u201eKlartr\u00e4umen\u201c: Dabei ist man sich im Schlaf bewusst, dass man tr\u00e4umt und kann das Geschehen mitunter kontrollieren. https:\/\/www.wissenschaft-im-dialog.de\/projekte\/wieso\/artikel\/beitrag\/was-sind-klartraeume-und-wie-wirken-sie-auf-uns\/ \u201eWILD-Methode\u201c (\u201eWake Initiated Lucid Dream\u201c):\u00a0Die Idee ist dabei, den Klartraum direkt aus der Einschlafphase, also aus dem Wachzustand heraus, [&hellip;]<\/p>\n","protected":false},"author":1,"featured_media":0,"parent":2242,"menu_order":0,"comment_status":"closed","ping_status":"closed","template":"members-style1-nosidebar.php","meta":{"footnotes":"","_links_to":"","_links_to_target":""},"class_list":["post-5233","page","type-page","status-publish","hentry"],"_links":{"self":[{"href":"https:\/\/reich-sein.eu\/club\/wp-json\/wp\/v2\/pages\/5233","targetHints":{"allow":["GET"]}}],"collection":[{"href":"https:\/\/reich-sein.eu\/club\/wp-json\/wp\/v2\/pages"}],"about":[{"href":"https:\/\/reich-sein.eu\/club\/wp-json\/wp\/v2\/types\/page"}],"author":[{"embeddable":true,"href":"https:\/\/reich-sein.eu\/club\/wp-json\/wp\/v2\/users\/1"}],"replies":[{"embeddable":true,"href":"https:\/\/reich-sein.eu\/club\/wp-json\/wp\/v2\/comments?post=5233"}],"version-history":[{"count":28,"href":"https:\/\/reich-sein.eu\/club\/wp-json\/wp\/v2\/pages\/5233\/revisions"}],"predecessor-version":[{"id":5273,"href":"https:\/\/reich-sein.eu\/club\/wp-json\/wp\/v2\/pages\/5233\/revisions\/5273"}],"up":[{"embeddable":true,"href":"https:\/\/reich-sein.eu\/club\/wp-json\/wp\/v2\/pages\/2242"}],"wp:attachment":[{"href":"https:\/\/reich-sein.eu\/club\/wp-json\/wp\/v2\/media?parent=5233"}],"curies":[{"name":"wp","href":"https:\/\/api.w.org\/{rel}","templated":true}]}}