{"id":5281,"date":"2022-11-30T22:02:43","date_gmt":"2022-11-30T20:02:43","guid":{"rendered":"http:\/\/reich-sein.eu\/club\/?page_id=5281"},"modified":"2022-11-30T22:04:00","modified_gmt":"2022-11-30T20:04:00","slug":"gedanken-krieg","status":"publish","type":"page","link":"https:\/\/reich-sein.eu\/club\/opfern\/gedanken-krieg\/","title":{"rendered":"Gedanken-Krieg"},"content":{"rendered":"<h2><span style=\"color: #0000ff;\"><strong>Gedanken-Krieg (Cognitive Warfare)<\/strong><\/span><\/h2>\n<p class=\"style-scope ytd-watch-metadata\"><strong>COGNITIVE WARFARE &#8211; DER MENSCH ALS NEUES EINSATZGEBIET<\/strong><\/p>\n<p>Was ist Wahrheit, was ist L\u00fcge? Und wer bestimmt \u00fcber die Antwort auf diese Frage?<\/p>\n<p>Dieses Thema besch\u00e4ftigt die NATO seit mehreren Jahren und hat zu einem neuen Kriegsfeld gef\u00fchrt: Der Cognitive Warfare. <strong>Die aktive Beeinflussung der Wahrnehmungen und Ansichten der Menschen auf der Welt, um eigene Interessen voranzutreiben und durchzusetzen.<\/strong><\/p>\n<p>\u00dcber diese obskuren Man\u00f6ver und die m\u00f6glichen Auswirkungen auf die Menschen.<\/p>\n<p><iframe loading=\"lazy\" title=\"YouTube video player\" src=\"https:\/\/www.youtube-nocookie.com\/embed\/WdEJZi3TiR0\" width=\"560\" height=\"315\" frameborder=\"0\" allowfullscreen=\"allowfullscreen\"><\/iframe><\/p>\n","protected":false},"excerpt":{"rendered":"<p>Gedanken-Krieg (Cognitive Warfare) COGNITIVE WARFARE &#8211; DER MENSCH ALS NEUES EINSATZGEBIET Was ist Wahrheit, was ist L\u00fcge? Und wer bestimmt \u00fcber die Antwort auf diese Frage? Dieses Thema besch\u00e4ftigt die NATO seit mehreren Jahren und hat zu einem neuen Kriegsfeld gef\u00fchrt: Der Cognitive Warfare. Die aktive Beeinflussung der Wahrnehmungen und Ansichten der Menschen auf der [&hellip;]<\/p>\n","protected":false},"author":1,"featured_media":0,"parent":4018,"menu_order":0,"comment_status":"closed","ping_status":"closed","template":"members-style1-nosidebar.php","meta":{"footnotes":"","_links_to":"","_links_to_target":""},"class_list":["post-5281","page","type-page","status-publish","hentry"],"_links":{"self":[{"href":"https:\/\/reich-sein.eu\/club\/wp-json\/wp\/v2\/pages\/5281","targetHints":{"allow":["GET"]}}],"collection":[{"href":"https:\/\/reich-sein.eu\/club\/wp-json\/wp\/v2\/pages"}],"about":[{"href":"https:\/\/reich-sein.eu\/club\/wp-json\/wp\/v2\/types\/page"}],"author":[{"embeddable":true,"href":"https:\/\/reich-sein.eu\/club\/wp-json\/wp\/v2\/users\/1"}],"replies":[{"embeddable":true,"href":"https:\/\/reich-sein.eu\/club\/wp-json\/wp\/v2\/comments?post=5281"}],"version-history":[{"count":4,"href":"https:\/\/reich-sein.eu\/club\/wp-json\/wp\/v2\/pages\/5281\/revisions"}],"predecessor-version":[{"id":5285,"href":"https:\/\/reich-sein.eu\/club\/wp-json\/wp\/v2\/pages\/5281\/revisions\/5285"}],"up":[{"embeddable":true,"href":"https:\/\/reich-sein.eu\/club\/wp-json\/wp\/v2\/pages\/4018"}],"wp:attachment":[{"href":"https:\/\/reich-sein.eu\/club\/wp-json\/wp\/v2\/media?parent=5281"}],"curies":[{"name":"wp","href":"https:\/\/api.w.org\/{rel}","templated":true}]}}