{"id":5295,"date":"2022-12-02T17:22:36","date_gmt":"2022-12-02T15:22:36","guid":{"rendered":"http:\/\/reich-sein.eu\/club\/?page_id=5295"},"modified":"2022-12-02T17:22:36","modified_gmt":"2022-12-02T15:22:36","slug":"technische-realitaets-simulation","status":"publish","type":"page","link":"https:\/\/reich-sein.eu\/club\/seins-dimensionen\/informieren\/programmierung\/technische-realitaets-simulation\/","title":{"rendered":"Technische Realit\u00e4ts-Simulation"},"content":{"rendered":"<h2><span style=\"color: #0000ff;\"><strong>Beweise unserer simulierten Realit\u00e4t\u00a0<\/strong><\/span><\/h2>\n<p>Video:\u00a0<a href=\"https:\/\/www.gaia.com\/share\/clb5c4o6e000001cc5nmj3aqx?language[]=de&amp;utm_source=share\">https:\/\/www.gaia.com\/share\/clb5c4o6e000001cc5nmj3aqx?language[]=de&amp;utm_source=share<\/a><\/p>\n<p>Ist es m\u00f6glich, dass jeder Moment unserer Realit\u00e4t tats\u00e4chlich innerhalb eines Computers stattfindet? Es gibt immer mehr wissenschaftliche Beweise, die darauf hinweisen, dass wir in einer enormen Simulation von der Gr\u00f6\u00dfe des Universums leben. Untersuchen Sie mit uns die Konzepte von Erleuchtung und Matrix anhand derzeitiger kultureller Glaubensmuster und uralter Traditionen.<\/p>\n<h3 class=\"heading\"><span style=\"color: #0000ff;\"><strong>Gaia.com: Erforschen. Transformieren. Dazugeh\u00f6ren.<\/strong><\/span><\/h3>\n<h5 class=\"heading heading--h6\">\u00dcber 8.000 Filme, Serien und Kurse<\/h5>\n<p>Informative und aufschlussreiche Filme, Serien und Kurse, die nicht in den Mainstream-Medien verf\u00fcgbar sind.<\/p>\n<p><a href=\"https:\/\/www.gaia.com\/\">https:\/\/www.gaia.com\/<\/a><\/p>\n","protected":false},"excerpt":{"rendered":"<p>Beweise unserer simulierten Realit\u00e4t\u00a0 Video:\u00a0https:\/\/www.gaia.com\/share\/clb5c4o6e000001cc5nmj3aqx?language[]=de&amp;utm_source=share Ist es m\u00f6glich, dass jeder Moment unserer Realit\u00e4t tats\u00e4chlich innerhalb eines Computers stattfindet? Es gibt immer mehr wissenschaftliche Beweise, die darauf hinweisen, dass wir in einer enormen Simulation von der Gr\u00f6\u00dfe des Universums leben. Untersuchen Sie mit uns die Konzepte von Erleuchtung und Matrix anhand derzeitiger kultureller Glaubensmuster und uralter [&hellip;]<\/p>\n","protected":false},"author":1,"featured_media":0,"parent":3080,"menu_order":0,"comment_status":"closed","ping_status":"closed","template":"members-style1-nosidebar.php","meta":{"footnotes":"","_links_to":"","_links_to_target":""},"class_list":["post-5295","page","type-page","status-publish","hentry"],"_links":{"self":[{"href":"https:\/\/reich-sein.eu\/club\/wp-json\/wp\/v2\/pages\/5295","targetHints":{"allow":["GET"]}}],"collection":[{"href":"https:\/\/reich-sein.eu\/club\/wp-json\/wp\/v2\/pages"}],"about":[{"href":"https:\/\/reich-sein.eu\/club\/wp-json\/wp\/v2\/types\/page"}],"author":[{"embeddable":true,"href":"https:\/\/reich-sein.eu\/club\/wp-json\/wp\/v2\/users\/1"}],"replies":[{"embeddable":true,"href":"https:\/\/reich-sein.eu\/club\/wp-json\/wp\/v2\/comments?post=5295"}],"version-history":[{"count":1,"href":"https:\/\/reich-sein.eu\/club\/wp-json\/wp\/v2\/pages\/5295\/revisions"}],"predecessor-version":[{"id":5296,"href":"https:\/\/reich-sein.eu\/club\/wp-json\/wp\/v2\/pages\/5295\/revisions\/5296"}],"up":[{"embeddable":true,"href":"https:\/\/reich-sein.eu\/club\/wp-json\/wp\/v2\/pages\/3080"}],"wp:attachment":[{"href":"https:\/\/reich-sein.eu\/club\/wp-json\/wp\/v2\/media?parent=5295"}],"curies":[{"name":"wp","href":"https:\/\/api.w.org\/{rel}","templated":true}]}}