{"id":5306,"date":"2022-12-06T12:40:19","date_gmt":"2022-12-06T10:40:19","guid":{"rendered":"http:\/\/reich-sein.eu\/club\/?page_id=5306"},"modified":"2022-12-06T12:41:02","modified_gmt":"2022-12-06T10:41:02","slug":"drittes-auge-zirbeldruese","status":"publish","type":"page","link":"https:\/\/reich-sein.eu\/club\/mittel\/bilder\/drittes-auge-zirbeldruese\/","title":{"rendered":"Drittes Auge (Zirbeldr\u00fcse)"},"content":{"rendered":"<p>Chaboo der Trank f\u00fcr die Entkalkung und Reinigung der Zirbeldr\u00fcse. (Drittes Auge)<\/p>\n<p>Der Trank ist eine Konzentration von den 8. nat\u00fcrlichen st\u00e4rksten Antioxidantien.<\/p>\n<p>Inhaltstoffe:<\/p>\n<p>\u2022 Bio Chaga Pilz<br \/>\n\u2022 Bio Jiaogulan<br \/>\n\u2022 Bio Tamarinde<br \/>\n\u2022 Bio Kurkuma<br \/>\n\u2022 Monoatomisches Gold 2000ppm<br \/>\n\u2022 Borax 99,9 % Reinheit<br \/>\n\u2022 Bio Spirulina \/ Bio Chlorella<br \/>\n\u2022 Alkalisches gereinigtes Wasser pH-Wert 8,5<\/p>\n<p>Die 3 Wirkungen:<\/p>\n<p>\u2022 Chaboo leitet Fluoride aus dem K\u00f6rper.<br \/>\n\u2022 Chaboo entgiftet den K\u00f6rper von Schwermetalle.<br \/>\n\u2022 Chaboo reguliert dein Hormonhaushalt<\/p>\n<p>Die Einnahme:<br \/>\n\u2022 2 EL Morgens und Abends reicht vollkommen aus, Chaboo ist nicht sch\u00e4dlich!! Die Dosis kann mit der Zeit problemlos erh\u00f6ht werden.<\/p>\n<p>\u2022 5 Min nach der Einnahme, merkt man ein Druck oder ein Kribbeln auf der Stirn. Die Entkalkung beginnt sofort, die Zirbeldr\u00fcse ist nur einige Millimeter gro\u00df.<\/p>\n<p>Die Website f\u00fcr Chaboo:\u00a0\u00a0<a href=\"https:\/\/chaboo.shop\/discount\/bewusst15\">https:\/\/chaboo.shop\/discount\/bewusst15<\/a><\/p>\n<p>Nutzt gerne den Code: bewusst15<\/p>\n","protected":false},"excerpt":{"rendered":"<p>Chaboo der Trank f\u00fcr die Entkalkung und Reinigung der Zirbeldr\u00fcse. (Drittes Auge) Der Trank ist eine Konzentration von den 8. nat\u00fcrlichen st\u00e4rksten Antioxidantien. Inhaltstoffe: \u2022 Bio Chaga Pilz \u2022 Bio Jiaogulan \u2022 Bio Tamarinde \u2022 Bio Kurkuma \u2022 Monoatomisches Gold 2000ppm \u2022 Borax 99,9 % Reinheit \u2022 Bio Spirulina \/ Bio Chlorella \u2022 Alkalisches gereinigtes [&hellip;]<\/p>\n","protected":false},"author":1,"featured_media":0,"parent":2238,"menu_order":0,"comment_status":"closed","ping_status":"closed","template":"members-style1-nosidebar.php","meta":{"footnotes":"","_links_to":"","_links_to_target":""},"class_list":["post-5306","page","type-page","status-publish","hentry"],"_links":{"self":[{"href":"https:\/\/reich-sein.eu\/club\/wp-json\/wp\/v2\/pages\/5306","targetHints":{"allow":["GET"]}}],"collection":[{"href":"https:\/\/reich-sein.eu\/club\/wp-json\/wp\/v2\/pages"}],"about":[{"href":"https:\/\/reich-sein.eu\/club\/wp-json\/wp\/v2\/types\/page"}],"author":[{"embeddable":true,"href":"https:\/\/reich-sein.eu\/club\/wp-json\/wp\/v2\/users\/1"}],"replies":[{"embeddable":true,"href":"https:\/\/reich-sein.eu\/club\/wp-json\/wp\/v2\/comments?post=5306"}],"version-history":[{"count":2,"href":"https:\/\/reich-sein.eu\/club\/wp-json\/wp\/v2\/pages\/5306\/revisions"}],"predecessor-version":[{"id":5308,"href":"https:\/\/reich-sein.eu\/club\/wp-json\/wp\/v2\/pages\/5306\/revisions\/5308"}],"up":[{"embeddable":true,"href":"https:\/\/reich-sein.eu\/club\/wp-json\/wp\/v2\/pages\/2238"}],"wp:attachment":[{"href":"https:\/\/reich-sein.eu\/club\/wp-json\/wp\/v2\/media?parent=5306"}],"curies":[{"name":"wp","href":"https:\/\/api.w.org\/{rel}","templated":true}]}}