{"id":755,"date":"2013-10-26T21:25:13","date_gmt":"2013-10-26T19:25:13","guid":{"rendered":"http:\/\/reich-sein.eu\/club\/?page_id=755"},"modified":"2022-11-24T15:22:50","modified_gmt":"2022-11-24T13:22:50","slug":"psychologische-tests","status":"publish","type":"page","link":"https:\/\/reich-sein.eu\/club\/ressourcen\/tests\/psychologische-tests\/","title":{"rendered":"Psychologische Tests"},"content":{"rendered":"<h4><a href=\"http:\/\/www.gofeminin.de\/mag\/psycho\/d4081\/x22434.html\" target=\"_blank\" rel=\"noopener\">Welche Milliard\u00e4rin w\u00e4ren Sie?<\/a><\/h4>\n<p>Wer beneidet sie nicht, diese Frauen, die mit entwaffnender Selbstverst\u00e4ndlichkeit durch die Luxuswelt stolzieren:<\/p>\n<p>10-stelliges Bankkonto, exklusivste It-Bags am Arm und pomp\u00f6s funkelnde Diamanten an den Fingern&#8230;<\/p>\n<p>Dabei d\u00fcrfen nicht alle Stars\u00a0\u00fcber denselben Kamm geschoren werden:<\/p>\n<p>W\u00e4hrend den einen der Reichtum bereits in die Wiege gelegt wurde mussten sich andere ihren Status\u00a0hart erarbeiten.<br \/>\nDoch selbst wenn die fetten Dollar einmal auf dem Konto liegen: Das geliebte Geld will auch geschickt verwaltet werden.<\/p>\n<p>Wie viele Stars\u00a0gab es nicht schon, die bis ans Lebensende ausgesorgt hatten und es dann\u00a0doch irgendwie geschafft haben, ihr Konto innerhalb weniger Jahre zu leeren.<\/p>\n<p>Zu welcher Kategorie w\u00fcrden Sie geh\u00f6ren? Dieser Test\u00a0sagt Ihnen, welche\u00a0Milliard\u00e4rin Sie w\u00e4ren &#8211; oder vielleicht eines Tages sein werden&#8230;?<\/p>\n<p><a href=\"http:\/\/www.gofeminin.de\/mag\/psycho\/d4081\/x22434.html\" target=\"_blank\" rel=\"noopener\">http:\/\/www.gofeminin.de\/mag\/psycho\/d4081\/x22434.html<\/a><\/p>\n","protected":false},"excerpt":{"rendered":"<p>Welche Milliard\u00e4rin w\u00e4ren Sie? Wer beneidet sie nicht, diese Frauen, die mit entwaffnender Selbstverst\u00e4ndlichkeit durch die Luxuswelt stolzieren: 10-stelliges Bankkonto, exklusivste It-Bags am Arm und pomp\u00f6s funkelnde Diamanten an den Fingern&#8230; Dabei d\u00fcrfen nicht alle Stars\u00a0\u00fcber denselben Kamm geschoren werden: W\u00e4hrend den einen der Reichtum bereits in die Wiege gelegt wurde mussten sich andere ihren [&hellip;]<\/p>\n","protected":false},"author":1,"featured_media":0,"parent":217,"menu_order":2,"comment_status":"open","ping_status":"closed","template":"members-style1-nosidebar.php","meta":{"footnotes":"","_links_to":"","_links_to_target":""},"class_list":["post-755","page","type-page","status-publish","hentry"],"_links":{"self":[{"href":"https:\/\/reich-sein.eu\/club\/wp-json\/wp\/v2\/pages\/755","targetHints":{"allow":["GET"]}}],"collection":[{"href":"https:\/\/reich-sein.eu\/club\/wp-json\/wp\/v2\/pages"}],"about":[{"href":"https:\/\/reich-sein.eu\/club\/wp-json\/wp\/v2\/types\/page"}],"author":[{"embeddable":true,"href":"https:\/\/reich-sein.eu\/club\/wp-json\/wp\/v2\/users\/1"}],"replies":[{"embeddable":true,"href":"https:\/\/reich-sein.eu\/club\/wp-json\/wp\/v2\/comments?post=755"}],"version-history":[{"count":3,"href":"https:\/\/reich-sein.eu\/club\/wp-json\/wp\/v2\/pages\/755\/revisions"}],"predecessor-version":[{"id":5073,"href":"https:\/\/reich-sein.eu\/club\/wp-json\/wp\/v2\/pages\/755\/revisions\/5073"}],"up":[{"embeddable":true,"href":"https:\/\/reich-sein.eu\/club\/wp-json\/wp\/v2\/pages\/217"}],"wp:attachment":[{"href":"https:\/\/reich-sein.eu\/club\/wp-json\/wp\/v2\/media?parent=755"}],"curies":[{"name":"wp","href":"https:\/\/api.w.org\/{rel}","templated":true}]}}